{"id":81,"date":"2017-05-02T05:29:18","date_gmt":"2017-05-02T05:29:18","guid":{"rendered":"http:\/\/www.demo.acmethemes.com\/corporate-plus\/?page_id=134"},"modified":"2020-05-07T13:16:22","modified_gmt":"2020-05-07T11:16:22","slug":"eigene-geschichte","status":"publish","type":"page","link":"http:\/\/coronageschichten.info\/?page_id=81","title":{"rendered":"Eigene Geschichte hinzuf\u00fcgen"},"content":{"rendered":"\n<p align=\"justify\">Diese Plattform versteht sich als Bindeglied zwischen Menschen, die ihre Geschichte der aktuellen Zeit weitergeben wollen und denen, die Interesse daran haben, wie es anderen Menschen gerade ergeht. Dabei spielt es keine Rolle, auf welchem Wege oder in welcher medialen Form die Geschichte unsere Reaktion erreicht. Ob der handgeschriebene Brief an den <strong>DRK Kreisverband Jena-Eisenberg-Stadtroda e.\u202fV., Dammstr. 32 in 07749 Jena<\/strong>, die E-Mail mit einem Link zu einem Video zur Darstellung der Geschichte an <a href=\"mailto:redaktion@coronageschichten.info\" name=\"Jetzt E-Mail verfassen\">redaktion@coronageschichten.info<\/a> oder das Telefonat mit unserer Redaktion unter <a href=\"tel:+493641400600\">03641\/400-600<\/a>. Nach einem kurzen Abgleich der Vereinbarkeit der Geschichte mit den Grunds\u00e4tzen des DRK, erscheint die Geschichte auf dieser Plattform und steht allen interessierten Lesern zur Verf\u00fcgung.<\/p>\n<p align=\"justify\">Nachfolgend finden Sie unser Formular \u00fcber das Ihre Geschichte auf direktem Wege in unsere Redaktion gelangt.<\/p>\n<p align=\"justify\">Wir sagen DANKE f\u00fcr Ihren Beitrag.<\/p>\n\n\n\n\n\n<p class=\"has-text-align-center\"><div class=\"ap-form-wrapper template1\"><link href='\/\/fonts.googleapis.com\/css?family=Roboto+Condensed:400,700|Roboto:400,700|Open+Sans:400,700' rel='stylesheet' type='text\/css'\/><link href='\/\/fonts.googleapis.com\/css?family=Open+Sans:400,700|Open+Sans:400,700' rel='stylesheet' type='text\/css'\/><div class=\"ap-pro-front-form-wrapper\"><h2 class=\"ap-pro-front-form-title\">Eine Geschichte hinzuf\u00fcgen<\/h2><form method=\"post\" action=\"\" enctype=\"multipart\/form-data\" class=\"ap-pro-front-form\" onsubmit=\"return check_form_submittable('ap-form-2');\" id=\"ap-form-2\"><div class=\"ap-pro-form-field-wrapper\"><div class=\"label-wrap\"><label>Titel der Geschichte<\/label><\/div><div class=\"ap-pro-form-field\">\r\n                   <input type=\"text\" name=\"ap_form_post_title\" data-required-msg=\"\" class=\"ap-pro-textfield ap-required-field\"\"\/>\r\n                   <input type=\"hidden\" name=\"form_included_fields[]\" value=\"post_title\"\/><\/div><!--ap-pro-form-field-->\r\n                 <div class=\"ap-form-error\"><\/div><\/div><!--ap-pro-form-field-wrapper--><div class=\"ap-pro-form-field-wrapper\"><div class=\"label-wrap\"><label>Inhalt<\/label><\/div><div class=\"ap-pro-form-field\"><div id=\"wp-ap_form_post_content_2-wrap\" class=\"wp-core-ui wp-editor-wrap tmce-active\"><link rel='stylesheet' id='dashicons-css' href='http:\/\/coronageschichten.info\/wp-includes\/css\/dashicons.min.css?ver=6.9.4' type='text\/css' media='all' \/>\n<link rel='stylesheet' id='editor-buttons-css' href='http:\/\/coronageschichten.info\/wp-includes\/css\/editor.min.css?ver=6.9.4' type='text\/css' media='all' \/>\n<div id=\"wp-ap_form_post_content_2-editor-container\" class=\"wp-editor-container\"><textarea class=\"ap-form-content-editor ap-form-wp-editor wp-editor-area\" rows=\"20\" autocomplete=\"off\" cols=\"40\" name=\"ap_form_post_content\" id=\"ap_form_post_content_2\"><\/textarea><\/div>\n<\/div>\n\n\r\n                   <input type=\"hidden\" name=\"form_included_fields[]\" value=\"post_content\"\/><\/div><!--ap-pro-form-field-->\r\n                 <div class=\"ap-form-error ap-form-content-error\" data-required-msg=\"\" data-required=\"required\"><\/div><\/div><!--ap-pro-form-field-wrapper--><div class=\"ap-pro-form-field-wrapper\"><div class=\"label-wrap\"><label>Zusammenfassung<\/label><\/div><div class=\"ap-pro-form-field\">\r\n                   <textarea name=\"ap_form_post_excerpt\" data-required-msg=\"\" class=\"ap-pro-textarea\"><\/textarea>\r\n                   <input type=\"hidden\" name=\"form_included_fields[]\" value=\"post_excerpt\"\/><span class=\"ap-pro-tooltip-notes\">Hier k\u00f6nnen selbst eine kurze Zusammenfassung ihrer Geschichte eintragen<\/span><\/div><!--ap-pro-form-field-->\r\n                 <div class=\"ap-form-error\"><\/div><\/div><!--ap-pro-form-field-wrapper--><div class=\"ap-pro-form-field-wrapper\"><div class=\"label-wrap\"><label>Beitragsbild<\/label><div class=\"ap-pro-info-wrap\"><span class=\"ap-pro-info-notes-icon\">i<\/span><div class=\"ap-pro-info-notes\">Hier k\u00f6nnen Sie ein Bild zu Ihrem Beitrag hochladen.<\/div><\/div><\/div><div class=\"ap-pro-form-field\"><input type=\"file\" name=\"ap_form_post_image\" data-required-msg=\"\" class=\"ap-pro-filefield\"\/>\r\n                   <input type=\"hidden\" name=\"form_included_fields[]\" value=\"post_image\"\/><\/div><!--ap-pro-form-field-->\r\n                 <div class=\"ap-form-error\"><\/div><\/div><!--ap-pro-form-field-wrapper--><div class=\"ap-pro-form-field-wrapper\"><div class=\"label-wrap\"><label>Ihr Name (freiwillige Angabe, wird ver\u00f6ffentlicht)<\/label><\/div><div class=\"ap-pro-form-field\">\r\n                   <input type=\"text\" name=\"ap_form_author_name\" data-required-msg=\"\" class=\"ap-pro-textfield\" value=\"\"\/>\r\n                   <input type=\"hidden\" name=\"form_included_fields[]\" value=\"author_name\"\/><\/div><!--ap-pro-form-field-->\r\n                 <div class=\"ap-form-error\"><\/div><\/div><!--ap-pro-form-field-wrapper--><div class=\"ap-pro-form-field-wrapper\"><div class=\"label-wrap\"><label>E-Mail-Adresse<\/label><\/div><div class=\"ap-pro-form-field\">\r\n                   <input type=\"text\" name=\"ap_form_author_email\" data-required-msg=\"\" class=\"ap-pro-textfield ap-email-field\" value=\"\"\/>\r\n                   <input type=\"hidden\" name=\"form_included_fields[]\" value=\"author_email\"\/><span class=\"ap-pro-tooltip-notes\">Wenn Sie eine E-Mail-Adresse angeben, erhalten Sie Hinweis-E-Mails zum Status Ihrer Geschichte<\/span><\/div><!--ap-pro-form-field-->\r\n                 <div class=\"ap-form-error\"><\/div><\/div><!--ap-pro-form-field-wrapper--><div class=\"ap-pro-form-field-wrapper\"><div class=\"label-wrap\"><label>Schlagworte (freiwillig)<\/label><\/div><div class=\"ap-pro-form-field\"><input type=\"text\" name=\"post_tag\" data-required-msg=\"\" class=\"ap-pro-textfield \" data-autocomplete-terms=\"\"\/><input type=\"hidden\" name=\"form_included_fields[]\" value=\"post_tag\"\/>\r\n                <input type=\"hidden\" name=\"form_included_taxonomy[]\" value=\"post_tag\"\/><span class=\"ap-pro-tooltip-notes\">Sie k\u00f6nnen hier Schlagworte zu Ihrer Geschichte angeben. Das k\u00f6nnen bestimmte Gef\u00fchle oder Themen sein, \u00fcber die Ihre Geschichte gefunden werden soll<\/span><\/div><!--ap-pro-form-field-->\r\n                 <div class=\"ap-form-error\"><\/div><\/div><!--ap-pro-form-field-wrapper--><div class=\"ap-form-field-wrapper\">\r\n                        <div class=\"label-wrap\"><label>Sicherheitsabfrage<\/label><\/div>\r\n                        <script src=\"https:\/\/www.google.com\/recaptcha\/api.js\"><\/script>\r\n                        <div class=\"g-recaptcha\" data-sitekey=\"6LeONO0UAAAAAMqJQJtlmnG0weNmRP_-tpgFJl2Y\"><\/div>\r\n                        <\/div><!--ap-form-field-wrapper--><div class=\"ap-form-error-message ap-captcha-error\" data-error-message=\"Sicherheitsabfrage fehlgeschlagen\"><\/div><div class=\"ap-pro-form-field-wrapper\">\r\n            <input type=\"hidden\" name=\"redirect_url\" value=\"https:\/\/coronageschichten.info\/?page_id=361\"\/>\r\n            <input type=\"hidden\" class=\"ap-captcha-type\" value=\"google\"\/>\r\n            <input type=\"hidden\" class=\"ap-captcha-version\" value=\"v2\"\/>\r\n            <input type=\"hidden\" id=\"ap-pro-file-uploader-counter\" value=\"0\"\/>\r\n            <input type=\"hidden\" name=\"ap_form_id\" value=\"2\"\/>\r\n            <input type=\"submit\" name=\"ap_form_submit_button\" value=\"Absenden\" class=\"ap-pro-submit-btn\"\/>\r\n            <img decoding=\"async\" src=\"http:\/\/coronageschichten.info\/wp-content\/plugins\/accesspress-anonymous-post-pro\/images\/ajax-loader.gif\" class=\"ap-front-loader\" style=\"display:none;\"\/>\r\n            <input type=\"hidden\" name=\"ap_attachment_ids\" class=\"ap-attachment-ids\"\/>\r\n          <\/div><input type=\"hidden\" id=\"ap_form_nonce\" name=\"ap_form_nonce\" value=\"cefff4cfca\" \/><input type=\"hidden\" name=\"_wp_http_referer\" value=\"\/index.php?rest_route=%2Fwp%2Fv2%2Fpages%2F81\" \/><\/form><!--ap-pro-front-form-->\r\n         <\/div><!--ap-pro-front-form-wrapper--><\/div><!--ap-form--><\/p>\n","protected":false},"excerpt":{"rendered":"<p>Sie k\u00f6nnen hier Ihre eigene Geschichte einreichen.<\/p>\n","protected":false},"author":1,"featured_media":0,"parent":82,"menu_order":0,"comment_status":"closed","ping_status":"closed","template":"","meta":{"footnotes":""},"class_list":["post-81","page","type-page","status-publish","hentry"],"_links":{"self":[{"href":"http:\/\/coronageschichten.info\/index.php?rest_route=\/wp\/v2\/pages\/81","targetHints":{"allow":["GET"]}}],"collection":[{"href":"http:\/\/coronageschichten.info\/index.php?rest_route=\/wp\/v2\/pages"}],"about":[{"href":"http:\/\/coronageschichten.info\/index.php?rest_route=\/wp\/v2\/types\/page"}],"author":[{"embeddable":true,"href":"http:\/\/coronageschichten.info\/index.php?rest_route=\/wp\/v2\/users\/1"}],"replies":[{"embeddable":true,"href":"http:\/\/coronageschichten.info\/index.php?rest_route=%2Fwp%2Fv2%2Fcomments&post=81"}],"version-history":[{"count":11,"href":"http:\/\/coronageschichten.info\/index.php?rest_route=\/wp\/v2\/pages\/81\/revisions"}],"predecessor-version":[{"id":376,"href":"http:\/\/coronageschichten.info\/index.php?rest_route=\/wp\/v2\/pages\/81\/revisions\/376"}],"up":[{"embeddable":true,"href":"http:\/\/coronageschichten.info\/index.php?rest_route=\/wp\/v2\/pages\/82"}],"wp:attachment":[{"href":"http:\/\/coronageschichten.info\/index.php?rest_route=%2Fwp%2Fv2%2Fmedia&parent=81"}],"curies":[{"name":"wp","href":"https:\/\/api.w.org\/{rel}","templated":true}]}}