{"id":93,"date":"2016-02-10T09:50:14","date_gmt":"2016-02-10T09:50:14","guid":{"rendered":"http:\/\/www.demo.acmethemes.com\/corporate-plus\/?page_id=9"},"modified":"2020-04-28T16:50:37","modified_gmt":"2020-04-28T14:50:37","slug":"about","status":"publish","type":"page","link":"http:\/\/coronageschichten.info\/?page_id=93","title":{"rendered":"\u00dcber das Projekt"},"content":{"rendered":"<p><span style=\"font-family: Arial, serif;\">Du, Deine Nachbarn, Deine Kollegen, die Leute, denen Du auf der Stra\u00dfe begegnest, wir alle haben im Zuge der Corona-Pandemie Dinge erlebt, die wir vorher kaum f\u00fcr m\u00f6glich gehalten h\u00e4tten und die wohl einige von uns f\u00fcr das Leben gepr\u00e4gt haben. Da sind vielleicht noch Erlebnisse und Eindr\u00fccke, die wir kaum wieder werden vergessen k\u00f6nnen und die unser Handeln in der Zukunft beeinflussen werden. <\/span><\/p>\n<p><span style=\"font-family: Arial, serif;\">Wir alle haben diese Ausnahmesituation gemeinsam erlebt und jeder hat in dieser Situation seine eigenen Erlebnisse gehabt und Erfahrungen gemacht. Und genau diese Erlebnisse und Erfahrungen sind Eure #Coronageschichten, die wir dokumentieren und f\u00fcr die Zukunft bewahren m\u00f6chten. Unser Projekt soll einen gesellschaftlichen Beitrag f\u00fcr die Erinnerung und die Aufarbeitung der Corona-Krise sein. Denn es wird dauern, bis wir die gesellschaftlichen Folgen der Krise umfassend erkannt und aufgearbeitet haben. Statistiken alleine reichen daf\u00fcr nicht aus. Eure #Coronageschichten sind es, die die menschliche Seite dieser Ausnahmesituation beschreiben.<\/span><\/p>\n<p><span style=\"font-family: Arial, serif;\">Die Corona-Krise und die daraus folgenden Ma\u00dfnahmen haben uns schnell klar gemacht, was im Leben wirklich z\u00e4hlt und wie sehr uns der pers\u00f6nliche Kontakt zu Familie und Freunden ist. Wie viel Mut und Kraft oft dazu geh\u00f6rt, um in derartigen Situationen seinen Mitmenschen zu helfen. Aber auch wir wichtig f\u00fcr uns alle \u00c4rztinnen und \u00c4rzte, Pflegerinnen und Pfleger, Verk\u00e4uferinnen und Verk\u00e4ufer, Lehrerinnen und Lehrer, Erzieherinnen und Erzieher und so viele andere Berufsgruppen sind, an die wir eigentlich nur denken, wenn wir sie brauchen. <\/span><\/p>\n<p><span style=\"font-family: Arial, serif;\">Es geht bei den #Coronageschichten um Pers\u00f6nliches, um Mut und die kleinen Geschichten, an die wir uns noch lange erinnern werden, wenn wir an die Corona-Krise zur\u00fcckdenken. Erz\u00e4hle uns, was Corona f\u00fcr <\/span><span style=\"font-family: Arial, serif;\">D<\/span><span style=\"font-family: Arial, serif;\">ich f\u00fcr Auswirkungen hat und wie <\/span><span style=\"font-family: Arial, serif;\">D<\/span><span style=\"font-family: Arial, serif;\">u mit Abstand die beste Hilfe bist. Ganz gleich, ob <\/span><span style=\"font-family: Arial, serif;\">D<\/span><span style=\"font-family: Arial, serif;\">u zu denen geh\u00f6rst, die zu Hause \u201efestsitzen\u201c oder gesessen haben, zu jenen, denen geholfen wurde bzw. wird, oder sogar zu denen, die das System am Laufen halten.<\/span><\/p>\n<p><span style=\"font-family: Arial, serif;\">Vielleicht gehst <\/span><span style=\"font-family: Arial, serif;\">Du<\/span><span style=\"font-family: Arial, serif;\"> f\u00fcr jemanden einkaufen oder aber <\/span><span style=\"font-family: Arial, serif;\">Du<\/span><span style=\"font-family: Arial, serif;\"> bekommst Hilfe von anderen. Was hilft <\/span><span style=\"font-family: Arial, serif;\">D<\/span><span style=\"font-family: Arial, serif;\">ir dabei, mit der Situation klarzukommen?<\/span><\/p>\n<p><span style=\"font-family: Arial, serif;\">Lass die Tastatur gl\u00fchen oder erz\u00e4hle uns Deine #Coronageschichte in einem Handyvideo!<\/span><\/p>\n<p><span style=\"font-family: Arial, serif;\">Die besten Geschichten werden von einer Jury, die wir Euch noch vorstellen werden, ausgew\u00e4hlt und in einem Buch ver\u00f6ffentlicht.<\/span><\/p>\n","protected":false},"excerpt":{"rendered":"<p>Du, Deine Nachbarn, Deine Kollegen, die Leute, denen Du auf der Stra\u00dfe begegnest, wir alle haben im Zuge der Corona-Pandemie Dinge erlebt, die wir vorher kaum f\u00fcr m\u00f6glich gehalten h\u00e4tten und die wohl einige von uns f\u00fcr das Leben gepr\u00e4gt haben. Da sind vielleicht noch Erlebnisse und Eindr\u00fccke, die wir kaum wieder werden vergessen k\u00f6nnen und die unser Handeln in der Zukunft beeinflussen werden. Wir alle haben diese Ausnahmesituation gemeinsam&hellip;<\/p>\n","protected":false},"author":1,"featured_media":0,"parent":0,"menu_order":0,"comment_status":"closed","ping_status":"closed","template":"","meta":{"footnotes":""},"class_list":["post-93","page","type-page","status-publish","hentry"],"_links":{"self":[{"href":"http:\/\/coronageschichten.info\/index.php?rest_route=\/wp\/v2\/pages\/93","targetHints":{"allow":["GET"]}}],"collection":[{"href":"http:\/\/coronageschichten.info\/index.php?rest_route=\/wp\/v2\/pages"}],"about":[{"href":"http:\/\/coronageschichten.info\/index.php?rest_route=\/wp\/v2\/types\/page"}],"author":[{"embeddable":true,"href":"http:\/\/coronageschichten.info\/index.php?rest_route=\/wp\/v2\/users\/1"}],"replies":[{"embeddable":true,"href":"http:\/\/coronageschichten.info\/index.php?rest_route=%2Fwp%2Fv2%2Fcomments&post=93"}],"version-history":[{"count":1,"href":"http:\/\/coronageschichten.info\/index.php?rest_route=\/wp\/v2\/pages\/93\/revisions"}],"predecessor-version":[{"id":275,"href":"http:\/\/coronageschichten.info\/index.php?rest_route=\/wp\/v2\/pages\/93\/revisions\/275"}],"wp:attachment":[{"href":"http:\/\/coronageschichten.info\/index.php?rest_route=%2Fwp%2Fv2%2Fmedia&parent=93"}],"curies":[{"name":"wp","href":"https:\/\/api.w.org\/{rel}","templated":true}]}}